{"id":2492,"date":"2021-11-07T18:15:54","date_gmt":"2021-11-07T17:15:54","guid":{"rendered":"https:\/\/staltechnika.pl\/?page_id=2492"},"modified":"2022-08-22T09:56:30","modified_gmt":"2022-08-22T07:56:30","slug":"accessories-for-horizontal-drilling","status":"publish","type":"page","link":"https:\/\/staltechnika.pl\/en\/osprzet-wiertniczy\/accessories-for-horizontal-drilling\/","title":{"rendered":"Accessories for horizontal drilling"},"content":{"rendered":"","protected":false},"excerpt":{"rendered":"","protected":false},"author":1,"featured_media":0,"parent":2488,"menu_order":0,"comment_status":"closed","ping_status":"closed","template":"page-templates\/category.php","meta":{"footnotes":""},"class_list":["post-2492","page","type-page","status-publish","hentry"],"yoast_head":"<!-- This site is optimized with the Yoast SEO plugin v22.0 - https:\/\/yoast.com\/wordpress\/plugins\/seo\/ -->\n<title>Accessories for horizontal drilling<\/title>\n<meta name=\"description\" content=\"Accessories for horizontal drilling \u26a1 Wysoka jako\u015b\u0107 \u2705 Polski producent \u2705 Postaw na wydajno\u015b\u0107 i wygod\u0119 \u27a4 Zapraszamy do zapoznania si\u0119 z nasz\u0105 ofert\u0105!\" \/>\n<meta name=\"robots\" content=\"noindex, nofollow\" \/>\n<meta property=\"og:locale\" content=\"en_US\" \/>\n<meta property=\"og:type\" content=\"article\" \/>\n<meta property=\"og:title\" content=\"Accessories for horizontal drilling\" \/>\n<meta property=\"og:description\" content=\"Accessories for horizontal drilling \u26a1 Wysoka jako\u015b\u0107 \u2705 Polski producent \u2705 Postaw na wydajno\u015b\u0107 i wygod\u0119 \u27a4 Zapraszamy do zapoznania si\u0119 z nasz\u0105 ofert\u0105!\" \/>\n<meta property=\"og:url\" content=\"https:\/\/staltechnika.pl\/en\/osprzet-wiertniczy\/accessories-for-horizontal-drilling\/\" \/>\n<meta property=\"og:site_name\" content=\"Staltechnika\" \/>\n<meta property=\"article:modified_time\" content=\"2022-08-22T07:56:30+00:00\" \/>\n<meta property=\"og:image\" content=\"https:\/\/staltechnika.pl\/wp-content\/uploads\/2022\/02\/staltechnika-logo.png\" \/>\n\t<meta property=\"og:image:width\" content=\"261\" \/>\n\t<meta property=\"og:image:height\" content=\"75\" \/>\n\t<meta property=\"og:image:type\" content=\"image\/png\" \/>\n<meta name=\"twitter:card\" content=\"summary_large_image\" \/>\n<script type=\"application\/ld+json\" class=\"yoast-schema-graph\">{\"@context\":\"https:\/\/schema.org\",\"@graph\":[{\"@type\":\"WebPage\",\"@id\":\"https:\/\/staltechnika.pl\/en\/osprzet-wiertniczy\/accessories-for-horizontal-drilling\/\",\"url\":\"https:\/\/staltechnika.pl\/en\/osprzet-wiertniczy\/accessories-for-horizontal-drilling\/\",\"name\":\"Accessories for horizontal drilling\",\"isPartOf\":{\"@id\":\"https:\/\/staltechnika.pl\/en\/#website\"},\"datePublished\":\"2021-11-07T17:15:54+00:00\",\"dateModified\":\"2022-08-22T07:56:30+00:00\",\"description\":\"Accessories for horizontal drilling \u26a1 Wysoka jako\u015b\u0107 \u2705 Polski producent \u2705 Postaw na wydajno\u015b\u0107 i wygod\u0119 \u27a4 Zapraszamy do zapoznania si\u0119 z nasz\u0105 ofert\u0105!\",\"breadcrumb\":{\"@id\":\"https:\/\/staltechnika.pl\/en\/osprzet-wiertniczy\/accessories-for-horizontal-drilling\/#breadcrumb\"},\"inLanguage\":\"en-US\",\"potentialAction\":[{\"@type\":\"ReadAction\",\"target\":[\"https:\/\/staltechnika.pl\/en\/osprzet-wiertniczy\/accessories-for-horizontal-drilling\/\"]}]},{\"@type\":\"BreadcrumbList\",\"@id\":\"https:\/\/staltechnika.pl\/en\/osprzet-wiertniczy\/accessories-for-horizontal-drilling\/#breadcrumb\",\"itemListElement\":[{\"@type\":\"ListItem\",\"position\":1,\"name\":\"Staltechnika\",\"item\":\"https:\/\/staltechnika.pl\/en\/\"},{\"@type\":\"ListItem\",\"position\":2,\"name\":\"Osprz\u0119t wiertniczy\",\"item\":\"https:\/\/staltechnika.pl\/en\/osprzet-wiertniczy\/\"},{\"@type\":\"ListItem\",\"position\":3,\"name\":\"Accessories for horizontal drilling\"}]},{\"@type\":\"WebSite\",\"@id\":\"https:\/\/staltechnika.pl\/en\/#website\",\"url\":\"https:\/\/staltechnika.pl\/en\/\",\"name\":\"Staltechnika\",\"description\":\"Wiertnice \u2013 producent maszyn wiertniczych Staltechnika\",\"publisher\":{\"@id\":\"https:\/\/staltechnika.pl\/en\/#organization\"},\"potentialAction\":[{\"@type\":\"SearchAction\",\"target\":{\"@type\":\"EntryPoint\",\"urlTemplate\":\"https:\/\/staltechnika.pl\/en\/?s={search_term_string}\"},\"query-input\":\"required name=search_term_string\"}],\"inLanguage\":\"en-US\"},{\"@type\":\"Organization\",\"@id\":\"https:\/\/staltechnika.pl\/en\/#organization\",\"name\":\"Staltechnika\",\"url\":\"https:\/\/staltechnika.pl\/en\/\",\"logo\":{\"@type\":\"ImageObject\",\"inLanguage\":\"en-US\",\"@id\":\"https:\/\/staltechnika.pl\/en\/#\/schema\/logo\/image\/\",\"url\":\"https:\/\/staltechnika.pl\/wp-content\/uploads\/2021\/10\/staltechnika-logo.png\",\"contentUrl\":\"https:\/\/staltechnika.pl\/wp-content\/uploads\/2021\/10\/staltechnika-logo.png\",\"width\":261,\"height\":75,\"caption\":\"Staltechnika\"},\"image\":{\"@id\":\"https:\/\/staltechnika.pl\/en\/#\/schema\/logo\/image\/\"}}]}<\/script>\n<!-- \/ Yoast SEO plugin. -->","yoast_head_json":{"title":"Accessories for horizontal drilling","description":"Accessories for horizontal drilling \u26a1 Wysoka jako\u015b\u0107 \u2705 Polski producent \u2705 Postaw na wydajno\u015b\u0107 i wygod\u0119 \u27a4 Zapraszamy do zapoznania si\u0119 z nasz\u0105 ofert\u0105!","robots":{"index":"noindex","follow":"nofollow"},"og_locale":"en_US","og_type":"article","og_title":"Accessories for horizontal drilling","og_description":"Accessories for horizontal drilling \u26a1 Wysoka jako\u015b\u0107 \u2705 Polski producent \u2705 Postaw na wydajno\u015b\u0107 i wygod\u0119 \u27a4 Zapraszamy do zapoznania si\u0119 z nasz\u0105 ofert\u0105!","og_url":"https:\/\/staltechnika.pl\/en\/osprzet-wiertniczy\/accessories-for-horizontal-drilling\/","og_site_name":"Staltechnika","article_modified_time":"2022-08-22T07:56:30+00:00","og_image":[{"width":261,"height":75,"url":"https:\/\/staltechnika.pl\/wp-content\/uploads\/2022\/02\/staltechnika-logo.png","type":"image\/png"}],"twitter_card":"summary_large_image","schema":{"@context":"https:\/\/schema.org","@graph":[{"@type":"WebPage","@id":"https:\/\/staltechnika.pl\/en\/osprzet-wiertniczy\/accessories-for-horizontal-drilling\/","url":"https:\/\/staltechnika.pl\/en\/osprzet-wiertniczy\/accessories-for-horizontal-drilling\/","name":"Accessories for horizontal drilling","isPartOf":{"@id":"https:\/\/staltechnika.pl\/en\/#website"},"datePublished":"2021-11-07T17:15:54+00:00","dateModified":"2022-08-22T07:56:30+00:00","description":"Accessories for horizontal drilling \u26a1 Wysoka jako\u015b\u0107 \u2705 Polski producent \u2705 Postaw na wydajno\u015b\u0107 i wygod\u0119 \u27a4 Zapraszamy do zapoznania si\u0119 z nasz\u0105 ofert\u0105!","breadcrumb":{"@id":"https:\/\/staltechnika.pl\/en\/osprzet-wiertniczy\/accessories-for-horizontal-drilling\/#breadcrumb"},"inLanguage":"en-US","potentialAction":[{"@type":"ReadAction","target":["https:\/\/staltechnika.pl\/en\/osprzet-wiertniczy\/accessories-for-horizontal-drilling\/"]}]},{"@type":"BreadcrumbList","@id":"https:\/\/staltechnika.pl\/en\/osprzet-wiertniczy\/accessories-for-horizontal-drilling\/#breadcrumb","itemListElement":[{"@type":"ListItem","position":1,"name":"Staltechnika","item":"https:\/\/staltechnika.pl\/en\/"},{"@type":"ListItem","position":2,"name":"Osprz\u0119t wiertniczy","item":"https:\/\/staltechnika.pl\/en\/osprzet-wiertniczy\/"},{"@type":"ListItem","position":3,"name":"Accessories for horizontal drilling"}]},{"@type":"WebSite","@id":"https:\/\/staltechnika.pl\/en\/#website","url":"https:\/\/staltechnika.pl\/en\/","name":"Staltechnika","description":"Wiertnice \u2013 producent maszyn wiertniczych Staltechnika","publisher":{"@id":"https:\/\/staltechnika.pl\/en\/#organization"},"potentialAction":[{"@type":"SearchAction","target":{"@type":"EntryPoint","urlTemplate":"https:\/\/staltechnika.pl\/en\/?s={search_term_string}"},"query-input":"required name=search_term_string"}],"inLanguage":"en-US"},{"@type":"Organization","@id":"https:\/\/staltechnika.pl\/en\/#organization","name":"Staltechnika","url":"https:\/\/staltechnika.pl\/en\/","logo":{"@type":"ImageObject","inLanguage":"en-US","@id":"https:\/\/staltechnika.pl\/en\/#\/schema\/logo\/image\/","url":"https:\/\/staltechnika.pl\/wp-content\/uploads\/2021\/10\/staltechnika-logo.png","contentUrl":"https:\/\/staltechnika.pl\/wp-content\/uploads\/2021\/10\/staltechnika-logo.png","width":261,"height":75,"caption":"Staltechnika"},"image":{"@id":"https:\/\/staltechnika.pl\/en\/#\/schema\/logo\/image\/"}}]}},"_links":{"self":[{"href":"https:\/\/staltechnika.pl\/en\/wp-json\/wp\/v2\/pages\/2492","targetHints":{"allow":["GET"]}}],"collection":[{"href":"https:\/\/staltechnika.pl\/en\/wp-json\/wp\/v2\/pages"}],"about":[{"href":"https:\/\/staltechnika.pl\/en\/wp-json\/wp\/v2\/types\/page"}],"author":[{"embeddable":true,"href":"https:\/\/staltechnika.pl\/en\/wp-json\/wp\/v2\/users\/1"}],"replies":[{"embeddable":true,"href":"https:\/\/staltechnika.pl\/en\/wp-json\/wp\/v2\/comments?post=2492"}],"version-history":[{"count":4,"href":"https:\/\/staltechnika.pl\/en\/wp-json\/wp\/v2\/pages\/2492\/revisions"}],"predecessor-version":[{"id":2626,"href":"https:\/\/staltechnika.pl\/en\/wp-json\/wp\/v2\/pages\/2492\/revisions\/2626"}],"up":[{"embeddable":true,"href":"https:\/\/staltechnika.pl\/en\/wp-json\/wp\/v2\/pages\/2488"}],"wp:attachment":[{"href":"https:\/\/staltechnika.pl\/en\/wp-json\/wp\/v2\/media?parent=2492"}],"curies":[{"name":"wp","href":"https:\/\/api.w.org\/{rel}","templated":true}]}}