{"id":2498,"date":"2021-10-28T00:16:10","date_gmt":"2021-10-27T22:16:10","guid":{"rendered":"https:\/\/staltechnika.pl\/?page_id=2498"},"modified":"2022-08-09T13:16:26","modified_gmt":"2022-08-09T11:16:26","slug":"services","status":"publish","type":"page","link":"https:\/\/staltechnika.pl\/en\/services\/","title":{"rendered":"Services"},"content":{"rendered":"<div class=\"row\">\n<div class=\"col-12 col-md-4\">\n<h2>Services<\/h2>\n<p><span><\/p>\n<p><\/span><\/p>\n<\/div>\n<div class=\"col-12 col-md-8\">\n<h3>CUSTOMISED MECHANICAL ENGINEERING<\/h3>\n<p><span><\/span><\/p>\n<p>\nWe carry out customised designs on request. You can commission us to create various types of machinery, equipment or their parts and accessories according to your own finished design. On its basis, we will make:<\/p>\n<p>\u2013 hydraulic presses<br \/>\n\u2013 mixers<br \/>\n\u2013 screw feeders<br \/>\n\u2013 drill bits<br \/>\n\u2013 hydraulic cylinders up to \u00d8165 with no length restrictions<br \/>\n\u2013 steel machine components<\/p>\n<p>The services we provide include:<\/p>\n<p>\u2013 crimping of hydraulic pipes<br \/>\n\u2013 machining services<\/p>\n<p>Share your project with us via the enquiry form. Entrust us with your project and we will prepare a unit tailored perfectly to your needs.\n<\/p>\n<\/p>\n<h3 class=\"mt-40px\">CONSULTATION<\/h3>\n<p><span><\/span><\/p>\n<p>\nWe are happy to share our knowledge and experience. You can approach us for advice on equipment, its selection and installation, as well as the workflow. There are specialists in the field waiting to answer your questions. Our staff of long-standing practitioners will be happy to help you solve your problem or select the equipment with which to carry out the work quickly and efficiently. Write to us! Take advantage of <a href=\"\/kontakt\" style=\"color: #921115\">the enquiry form<\/a>.\n<\/p>\n<\/p>\n<h3 class=\"mt-70px\">INSTALLATION<\/h3>\n<p><span><\/span><\/p>\n<p>\nDepending on the customer&#8217;s needs, we can carry out on-site installation of drilling machinery purchased from us. Our fitters are professionals and practitioners, specialists in the field of drilling work. This guarantees the correct and reliable installation necessary for safety and smooth workflow. Contact us via <a href=\"\/kontakt\" style=\"color: #921115\">the enquiry form<\/a>, for more information.\n<\/p>\n<\/p>\n<\/div>\n","protected":false},"excerpt":{"rendered":"<p>Services CUSTOMISED MECHANICAL ENGINEERING We carry out customised designs on request. You can commission us to create various types of machinery, equipment or their parts and accessories according to your own finished design. On its basis, we will make: \u2013 hydraulic presses \u2013 mixers \u2013 screw feeders \u2013 drill bits \u2013 hydraulic cylinders up to [&hellip;]<\/p>\n","protected":false},"author":4,"featured_media":0,"parent":0,"menu_order":0,"comment_status":"closed","ping_status":"closed","template":"","meta":{"footnotes":""},"class_list":["post-2498","page","type-page","status-publish","hentry"],"yoast_head":"<!-- This site is optimized with the Yoast SEO plugin v22.0 - https:\/\/yoast.com\/wordpress\/plugins\/seo\/ -->\n<title>Services<\/title>\n<meta name=\"description\" content=\"Services \u26a1 Wysoka jako\u015b\u0107 \u2705 Polski producent \u2705 Postaw na wydajno\u015b\u0107 i wygod\u0119 \u27a4 Zapraszamy do zapoznania si\u0119 z nasz\u0105 ofert\u0105!\" \/>\n<meta name=\"robots\" content=\"noindex, nofollow\" \/>\n<meta property=\"og:locale\" content=\"en_US\" \/>\n<meta property=\"og:type\" content=\"article\" \/>\n<meta property=\"og:title\" content=\"Services\" \/>\n<meta property=\"og:description\" content=\"Services \u26a1 Wysoka jako\u015b\u0107 \u2705 Polski producent \u2705 Postaw na wydajno\u015b\u0107 i wygod\u0119 \u27a4 Zapraszamy do zapoznania si\u0119 z nasz\u0105 ofert\u0105!\" \/>\n<meta property=\"og:url\" content=\"https:\/\/staltechnika.pl\/en\/services\/\" \/>\n<meta property=\"og:site_name\" content=\"Staltechnika\" \/>\n<meta property=\"article:modified_time\" content=\"2022-08-09T11:16:26+00:00\" \/>\n<meta property=\"og:image\" content=\"https:\/\/staltechnika.pl\/wp-content\/uploads\/2022\/02\/staltechnika-logo.png\" \/>\n\t<meta property=\"og:image:width\" content=\"261\" \/>\n\t<meta property=\"og:image:height\" content=\"75\" \/>\n\t<meta property=\"og:image:type\" content=\"image\/png\" \/>\n<meta name=\"twitter:card\" content=\"summary_large_image\" \/>\n<meta name=\"twitter:label1\" content=\"Est. reading time\" \/>\n\t<meta name=\"twitter:data1\" content=\"1 minute\" \/>\n<script type=\"application\/ld+json\" class=\"yoast-schema-graph\">{\"@context\":\"https:\/\/schema.org\",\"@graph\":[{\"@type\":\"WebPage\",\"@id\":\"https:\/\/staltechnika.pl\/en\/services\/\",\"url\":\"https:\/\/staltechnika.pl\/en\/services\/\",\"name\":\"Services\",\"isPartOf\":{\"@id\":\"https:\/\/staltechnika.pl\/en\/#website\"},\"datePublished\":\"2021-10-27T22:16:10+00:00\",\"dateModified\":\"2022-08-09T11:16:26+00:00\",\"description\":\"Services \u26a1 Wysoka jako\u015b\u0107 \u2705 Polski producent \u2705 Postaw na wydajno\u015b\u0107 i wygod\u0119 \u27a4 Zapraszamy do zapoznania si\u0119 z nasz\u0105 ofert\u0105!\",\"breadcrumb\":{\"@id\":\"https:\/\/staltechnika.pl\/en\/services\/#breadcrumb\"},\"inLanguage\":\"en-US\",\"potentialAction\":[{\"@type\":\"ReadAction\",\"target\":[\"https:\/\/staltechnika.pl\/en\/services\/\"]}]},{\"@type\":\"BreadcrumbList\",\"@id\":\"https:\/\/staltechnika.pl\/en\/services\/#breadcrumb\",\"itemListElement\":[{\"@type\":\"ListItem\",\"position\":1,\"name\":\"Staltechnika\",\"item\":\"https:\/\/staltechnika.pl\/en\/\"},{\"@type\":\"ListItem\",\"position\":2,\"name\":\"Services\"}]},{\"@type\":\"WebSite\",\"@id\":\"https:\/\/staltechnika.pl\/en\/#website\",\"url\":\"https:\/\/staltechnika.pl\/en\/\",\"name\":\"Staltechnika\",\"description\":\"Wiertnice \u2013 producent maszyn wiertniczych Staltechnika\",\"publisher\":{\"@id\":\"https:\/\/staltechnika.pl\/en\/#organization\"},\"potentialAction\":[{\"@type\":\"SearchAction\",\"target\":{\"@type\":\"EntryPoint\",\"urlTemplate\":\"https:\/\/staltechnika.pl\/en\/?s={search_term_string}\"},\"query-input\":\"required name=search_term_string\"}],\"inLanguage\":\"en-US\"},{\"@type\":\"Organization\",\"@id\":\"https:\/\/staltechnika.pl\/en\/#organization\",\"name\":\"Staltechnika\",\"url\":\"https:\/\/staltechnika.pl\/en\/\",\"logo\":{\"@type\":\"ImageObject\",\"inLanguage\":\"en-US\",\"@id\":\"https:\/\/staltechnika.pl\/en\/#\/schema\/logo\/image\/\",\"url\":\"https:\/\/staltechnika.pl\/wp-content\/uploads\/2021\/10\/staltechnika-logo.png\",\"contentUrl\":\"https:\/\/staltechnika.pl\/wp-content\/uploads\/2021\/10\/staltechnika-logo.png\",\"width\":261,\"height\":75,\"caption\":\"Staltechnika\"},\"image\":{\"@id\":\"https:\/\/staltechnika.pl\/en\/#\/schema\/logo\/image\/\"}}]}<\/script>\n<!-- \/ Yoast SEO plugin. -->","yoast_head_json":{"title":"Services","description":"Services \u26a1 Wysoka jako\u015b\u0107 \u2705 Polski producent \u2705 Postaw na wydajno\u015b\u0107 i wygod\u0119 \u27a4 Zapraszamy do zapoznania si\u0119 z nasz\u0105 ofert\u0105!","robots":{"index":"noindex","follow":"nofollow"},"og_locale":"en_US","og_type":"article","og_title":"Services","og_description":"Services \u26a1 Wysoka jako\u015b\u0107 \u2705 Polski producent \u2705 Postaw na wydajno\u015b\u0107 i wygod\u0119 \u27a4 Zapraszamy do zapoznania si\u0119 z nasz\u0105 ofert\u0105!","og_url":"https:\/\/staltechnika.pl\/en\/services\/","og_site_name":"Staltechnika","article_modified_time":"2022-08-09T11:16:26+00:00","og_image":[{"width":261,"height":75,"url":"https:\/\/staltechnika.pl\/wp-content\/uploads\/2022\/02\/staltechnika-logo.png","type":"image\/png"}],"twitter_card":"summary_large_image","twitter_misc":{"Est. reading time":"1 minute"},"schema":{"@context":"https:\/\/schema.org","@graph":[{"@type":"WebPage","@id":"https:\/\/staltechnika.pl\/en\/services\/","url":"https:\/\/staltechnika.pl\/en\/services\/","name":"Services","isPartOf":{"@id":"https:\/\/staltechnika.pl\/en\/#website"},"datePublished":"2021-10-27T22:16:10+00:00","dateModified":"2022-08-09T11:16:26+00:00","description":"Services \u26a1 Wysoka jako\u015b\u0107 \u2705 Polski producent \u2705 Postaw na wydajno\u015b\u0107 i wygod\u0119 \u27a4 Zapraszamy do zapoznania si\u0119 z nasz\u0105 ofert\u0105!","breadcrumb":{"@id":"https:\/\/staltechnika.pl\/en\/services\/#breadcrumb"},"inLanguage":"en-US","potentialAction":[{"@type":"ReadAction","target":["https:\/\/staltechnika.pl\/en\/services\/"]}]},{"@type":"BreadcrumbList","@id":"https:\/\/staltechnika.pl\/en\/services\/#breadcrumb","itemListElement":[{"@type":"ListItem","position":1,"name":"Staltechnika","item":"https:\/\/staltechnika.pl\/en\/"},{"@type":"ListItem","position":2,"name":"Services"}]},{"@type":"WebSite","@id":"https:\/\/staltechnika.pl\/en\/#website","url":"https:\/\/staltechnika.pl\/en\/","name":"Staltechnika","description":"Wiertnice \u2013 producent maszyn wiertniczych Staltechnika","publisher":{"@id":"https:\/\/staltechnika.pl\/en\/#organization"},"potentialAction":[{"@type":"SearchAction","target":{"@type":"EntryPoint","urlTemplate":"https:\/\/staltechnika.pl\/en\/?s={search_term_string}"},"query-input":"required name=search_term_string"}],"inLanguage":"en-US"},{"@type":"Organization","@id":"https:\/\/staltechnika.pl\/en\/#organization","name":"Staltechnika","url":"https:\/\/staltechnika.pl\/en\/","logo":{"@type":"ImageObject","inLanguage":"en-US","@id":"https:\/\/staltechnika.pl\/en\/#\/schema\/logo\/image\/","url":"https:\/\/staltechnika.pl\/wp-content\/uploads\/2021\/10\/staltechnika-logo.png","contentUrl":"https:\/\/staltechnika.pl\/wp-content\/uploads\/2021\/10\/staltechnika-logo.png","width":261,"height":75,"caption":"Staltechnika"},"image":{"@id":"https:\/\/staltechnika.pl\/en\/#\/schema\/logo\/image\/"}}]}},"_links":{"self":[{"href":"https:\/\/staltechnika.pl\/en\/wp-json\/wp\/v2\/pages\/2498","targetHints":{"allow":["GET"]}}],"collection":[{"href":"https:\/\/staltechnika.pl\/en\/wp-json\/wp\/v2\/pages"}],"about":[{"href":"https:\/\/staltechnika.pl\/en\/wp-json\/wp\/v2\/types\/page"}],"author":[{"embeddable":true,"href":"https:\/\/staltechnika.pl\/en\/wp-json\/wp\/v2\/users\/4"}],"replies":[{"embeddable":true,"href":"https:\/\/staltechnika.pl\/en\/wp-json\/wp\/v2\/comments?post=2498"}],"version-history":[{"count":6,"href":"https:\/\/staltechnika.pl\/en\/wp-json\/wp\/v2\/pages\/2498\/revisions"}],"predecessor-version":[{"id":2566,"href":"https:\/\/staltechnika.pl\/en\/wp-json\/wp\/v2\/pages\/2498\/revisions\/2566"}],"wp:attachment":[{"href":"https:\/\/staltechnika.pl\/en\/wp-json\/wp\/v2\/media?parent=2498"}],"curies":[{"name":"wp","href":"https:\/\/api.w.org\/{rel}","templated":true}]}}