{"id":2500,"date":"2021-10-28T00:16:26","date_gmt":"2021-10-27T22:16:26","guid":{"rendered":"https:\/\/staltechnika.pl\/?page_id=2500"},"modified":"2022-08-08T23:41:23","modified_gmt":"2022-08-08T21:41:23","slug":"financing","status":"publish","type":"page","link":"https:\/\/staltechnika.pl\/en\/financing\/","title":{"rendered":"Financing"},"content":{"rendered":"<h2 style=\"text-align: center;\">Leasing<\/h2>\n<p style=\"text-align: center;\">For leasing plan of the machines we offer, please contact one of the representatives below.<\/p>\n<div class=\"row mt-100px\">\n<div class=\"col-12 col-md-4 leas-item\">\n<p><img decoding=\"async\" src=\"\/wp-content\/uploads\/2021\/10\/Image-78.png\" alt=\"EFL GRUPA CREDIT AGRICOLE\" \/><\/p>\n<h3>EFL<\/h3>\n<p>&nbsp;<\/p>\n<p><strong>Pani Magdalena Romaniuk<\/strong><br \/>\ntel.: +48 603 630 186<br \/>\nmail: magdalena.romaniuk@efl.com.pl<\/p>\n<p><strong>Pan Waldemar Chrzan<\/strong><br \/>\ntel.: +48 607 993 885<br \/>\nmail: w.chrzan@gmail.com<\/p>\n<p>&nbsp;<\/p>\n<\/div>\n<div class=\"col-12 col-md-4 leas-item\">\n<p><img decoding=\"async\" src=\"\/wp-content\/uploads\/2021\/10\/Image-79.png\" alt=\"Idea Getin Leasing\" \/><\/p>\n<h3>IDEAL GETIN LEASING<\/h3>\n<p>&nbsp;<\/p>\n<p><strong>Pani Ewa Perchlicka<\/strong><br \/>\ntel.: +48 504 168 087<br \/>\nmail: ewa.perchlicka@ap.idealeasing.pl<\/p>\n<p>&nbsp;<\/p>\n<\/div>\n<div class=\"col-12 col-md-4 leas-item\">\n<p><img decoding=\"async\" src=\"\/wp-content\/uploads\/2021\/10\/pko_leading_logo.png\" alt=\"PKO Leasing\" \/><\/p>\n<h3>PKO LEASING<\/h3>\n<p>&nbsp;<\/p>\n<p><strong>Pan \u0141ukasz Nowak<\/strong><br \/>\ntel.: +48 660 466 879<br \/>\nmail: lukasz.nowak@pkoleasing.pl<\/p>\n<\/div>\n<p>&nbsp;<\/p>\n<\/div>\n<div class=\"col-12 col-md-4 leas-item\">\n<p><img decoding=\"async\" src=\"\/wp-content\/uploads\/2022\/02\/FA_SANTANDER_LEASING_CV_POS_CMYK-1200x544-1.png\" alt=\"Santander\" \/><\/p>\n<h3>Santander Leasing<\/h3>\n<p>&nbsp;<\/p>\n<p><strong>Pani Monika Szczybelska<\/strong><br \/>\ntel.: +48 514 817 013<br \/>\nmail: monika.szczybelska@santanderleasing.pl<\/p>\n<\/div>\n","protected":false},"excerpt":{"rendered":"<p>Leasing For leasing plan of the machines we offer, please contact one of the representatives below. EFL &nbsp; Pani Magdalena Romaniuk tel.: +48 603 630 186 mail: magdalena.romaniuk@efl.com.pl Pan Waldemar Chrzan tel.: +48 607 993 885 mail: w.chrzan@gmail.com &nbsp; IDEAL GETIN LEASING &nbsp; Pani Ewa Perchlicka tel.: +48 504 168 087 mail: ewa.perchlicka@ap.idealeasing.pl &nbsp; PKO [&hellip;]<\/p>\n","protected":false},"author":4,"featured_media":0,"parent":0,"menu_order":0,"comment_status":"closed","ping_status":"closed","template":"","meta":{"footnotes":""},"class_list":["post-2500","page","type-page","status-publish","hentry"],"yoast_head":"<!-- This site is optimized with the Yoast SEO plugin v22.0 - https:\/\/yoast.com\/wordpress\/plugins\/seo\/ -->\n<title>Financing<\/title>\n<meta name=\"description\" content=\"Financing \u26a1 Wysoka jako\u015b\u0107 \u2705 Polski producent \u2705 Postaw na wydajno\u015b\u0107 i wygod\u0119 \u27a4 Zapraszamy do zapoznania si\u0119 z nasz\u0105 ofert\u0105!\" \/>\n<meta name=\"robots\" content=\"noindex, nofollow\" \/>\n<meta property=\"og:locale\" content=\"en_US\" \/>\n<meta property=\"og:type\" content=\"article\" \/>\n<meta property=\"og:title\" content=\"Financing\" \/>\n<meta property=\"og:description\" content=\"Financing \u26a1 Wysoka jako\u015b\u0107 \u2705 Polski producent \u2705 Postaw na wydajno\u015b\u0107 i wygod\u0119 \u27a4 Zapraszamy do zapoznania si\u0119 z nasz\u0105 ofert\u0105!\" \/>\n<meta property=\"og:url\" content=\"https:\/\/staltechnika.pl\/en\/financing\/\" \/>\n<meta property=\"og:site_name\" content=\"Staltechnika\" \/>\n<meta property=\"article:modified_time\" content=\"2022-08-08T21:41:23+00:00\" \/>\n<meta property=\"og:image\" content=\"https:\/\/staltechnika.pl\/wp-content\/uploads\/2022\/02\/staltechnika-logo.png\" \/>\n\t<meta property=\"og:image:width\" content=\"261\" \/>\n\t<meta property=\"og:image:height\" content=\"75\" \/>\n\t<meta property=\"og:image:type\" content=\"image\/png\" \/>\n<meta name=\"twitter:card\" content=\"summary_large_image\" \/>\n<meta name=\"twitter:label1\" content=\"Est. reading time\" \/>\n\t<meta name=\"twitter:data1\" content=\"2 minutes\" \/>\n<script type=\"application\/ld+json\" class=\"yoast-schema-graph\">{\"@context\":\"https:\/\/schema.org\",\"@graph\":[{\"@type\":\"WebPage\",\"@id\":\"https:\/\/staltechnika.pl\/en\/financing\/\",\"url\":\"https:\/\/staltechnika.pl\/en\/financing\/\",\"name\":\"Financing\",\"isPartOf\":{\"@id\":\"https:\/\/staltechnika.pl\/en\/#website\"},\"datePublished\":\"2021-10-27T22:16:26+00:00\",\"dateModified\":\"2022-08-08T21:41:23+00:00\",\"description\":\"Financing \u26a1 Wysoka jako\u015b\u0107 \u2705 Polski producent \u2705 Postaw na wydajno\u015b\u0107 i wygod\u0119 \u27a4 Zapraszamy do zapoznania si\u0119 z nasz\u0105 ofert\u0105!\",\"breadcrumb\":{\"@id\":\"https:\/\/staltechnika.pl\/en\/financing\/#breadcrumb\"},\"inLanguage\":\"en-US\",\"potentialAction\":[{\"@type\":\"ReadAction\",\"target\":[\"https:\/\/staltechnika.pl\/en\/financing\/\"]}]},{\"@type\":\"BreadcrumbList\",\"@id\":\"https:\/\/staltechnika.pl\/en\/financing\/#breadcrumb\",\"itemListElement\":[{\"@type\":\"ListItem\",\"position\":1,\"name\":\"Staltechnika\",\"item\":\"https:\/\/staltechnika.pl\/en\/\"},{\"@type\":\"ListItem\",\"position\":2,\"name\":\"Financing\"}]},{\"@type\":\"WebSite\",\"@id\":\"https:\/\/staltechnika.pl\/en\/#website\",\"url\":\"https:\/\/staltechnika.pl\/en\/\",\"name\":\"Staltechnika\",\"description\":\"Wiertnice \u2013 producent maszyn wiertniczych Staltechnika\",\"publisher\":{\"@id\":\"https:\/\/staltechnika.pl\/en\/#organization\"},\"potentialAction\":[{\"@type\":\"SearchAction\",\"target\":{\"@type\":\"EntryPoint\",\"urlTemplate\":\"https:\/\/staltechnika.pl\/en\/?s={search_term_string}\"},\"query-input\":\"required name=search_term_string\"}],\"inLanguage\":\"en-US\"},{\"@type\":\"Organization\",\"@id\":\"https:\/\/staltechnika.pl\/en\/#organization\",\"name\":\"Staltechnika\",\"url\":\"https:\/\/staltechnika.pl\/en\/\",\"logo\":{\"@type\":\"ImageObject\",\"inLanguage\":\"en-US\",\"@id\":\"https:\/\/staltechnika.pl\/en\/#\/schema\/logo\/image\/\",\"url\":\"https:\/\/staltechnika.pl\/wp-content\/uploads\/2021\/10\/staltechnika-logo.png\",\"contentUrl\":\"https:\/\/staltechnika.pl\/wp-content\/uploads\/2021\/10\/staltechnika-logo.png\",\"width\":261,\"height\":75,\"caption\":\"Staltechnika\"},\"image\":{\"@id\":\"https:\/\/staltechnika.pl\/en\/#\/schema\/logo\/image\/\"}}]}<\/script>\n<!-- \/ Yoast SEO plugin. -->","yoast_head_json":{"title":"Financing","description":"Financing \u26a1 Wysoka jako\u015b\u0107 \u2705 Polski producent \u2705 Postaw na wydajno\u015b\u0107 i wygod\u0119 \u27a4 Zapraszamy do zapoznania si\u0119 z nasz\u0105 ofert\u0105!","robots":{"index":"noindex","follow":"nofollow"},"og_locale":"en_US","og_type":"article","og_title":"Financing","og_description":"Financing \u26a1 Wysoka jako\u015b\u0107 \u2705 Polski producent \u2705 Postaw na wydajno\u015b\u0107 i wygod\u0119 \u27a4 Zapraszamy do zapoznania si\u0119 z nasz\u0105 ofert\u0105!","og_url":"https:\/\/staltechnika.pl\/en\/financing\/","og_site_name":"Staltechnika","article_modified_time":"2022-08-08T21:41:23+00:00","og_image":[{"width":261,"height":75,"url":"https:\/\/staltechnika.pl\/wp-content\/uploads\/2022\/02\/staltechnika-logo.png","type":"image\/png"}],"twitter_card":"summary_large_image","twitter_misc":{"Est. reading time":"2 minutes"},"schema":{"@context":"https:\/\/schema.org","@graph":[{"@type":"WebPage","@id":"https:\/\/staltechnika.pl\/en\/financing\/","url":"https:\/\/staltechnika.pl\/en\/financing\/","name":"Financing","isPartOf":{"@id":"https:\/\/staltechnika.pl\/en\/#website"},"datePublished":"2021-10-27T22:16:26+00:00","dateModified":"2022-08-08T21:41:23+00:00","description":"Financing \u26a1 Wysoka jako\u015b\u0107 \u2705 Polski producent \u2705 Postaw na wydajno\u015b\u0107 i wygod\u0119 \u27a4 Zapraszamy do zapoznania si\u0119 z nasz\u0105 ofert\u0105!","breadcrumb":{"@id":"https:\/\/staltechnika.pl\/en\/financing\/#breadcrumb"},"inLanguage":"en-US","potentialAction":[{"@type":"ReadAction","target":["https:\/\/staltechnika.pl\/en\/financing\/"]}]},{"@type":"BreadcrumbList","@id":"https:\/\/staltechnika.pl\/en\/financing\/#breadcrumb","itemListElement":[{"@type":"ListItem","position":1,"name":"Staltechnika","item":"https:\/\/staltechnika.pl\/en\/"},{"@type":"ListItem","position":2,"name":"Financing"}]},{"@type":"WebSite","@id":"https:\/\/staltechnika.pl\/en\/#website","url":"https:\/\/staltechnika.pl\/en\/","name":"Staltechnika","description":"Wiertnice \u2013 producent maszyn wiertniczych Staltechnika","publisher":{"@id":"https:\/\/staltechnika.pl\/en\/#organization"},"potentialAction":[{"@type":"SearchAction","target":{"@type":"EntryPoint","urlTemplate":"https:\/\/staltechnika.pl\/en\/?s={search_term_string}"},"query-input":"required name=search_term_string"}],"inLanguage":"en-US"},{"@type":"Organization","@id":"https:\/\/staltechnika.pl\/en\/#organization","name":"Staltechnika","url":"https:\/\/staltechnika.pl\/en\/","logo":{"@type":"ImageObject","inLanguage":"en-US","@id":"https:\/\/staltechnika.pl\/en\/#\/schema\/logo\/image\/","url":"https:\/\/staltechnika.pl\/wp-content\/uploads\/2021\/10\/staltechnika-logo.png","contentUrl":"https:\/\/staltechnika.pl\/wp-content\/uploads\/2021\/10\/staltechnika-logo.png","width":261,"height":75,"caption":"Staltechnika"},"image":{"@id":"https:\/\/staltechnika.pl\/en\/#\/schema\/logo\/image\/"}}]}},"_links":{"self":[{"href":"https:\/\/staltechnika.pl\/en\/wp-json\/wp\/v2\/pages\/2500","targetHints":{"allow":["GET"]}}],"collection":[{"href":"https:\/\/staltechnika.pl\/en\/wp-json\/wp\/v2\/pages"}],"about":[{"href":"https:\/\/staltechnika.pl\/en\/wp-json\/wp\/v2\/types\/page"}],"author":[{"embeddable":true,"href":"https:\/\/staltechnika.pl\/en\/wp-json\/wp\/v2\/users\/4"}],"replies":[{"embeddable":true,"href":"https:\/\/staltechnika.pl\/en\/wp-json\/wp\/v2\/comments?post=2500"}],"version-history":[{"count":3,"href":"https:\/\/staltechnika.pl\/en\/wp-json\/wp\/v2\/pages\/2500\/revisions"}],"predecessor-version":[{"id":2552,"href":"https:\/\/staltechnika.pl\/en\/wp-json\/wp\/v2\/pages\/2500\/revisions\/2552"}],"wp:attachment":[{"href":"https:\/\/staltechnika.pl\/en\/wp-json\/wp\/v2\/media?parent=2500"}],"curies":[{"name":"wp","href":"https:\/\/api.w.org\/{rel}","templated":true}]}}