{"id":2502,"date":"2021-10-28T00:16:40","date_gmt":"2021-10-27T22:16:40","guid":{"rendered":"https:\/\/staltechnika.pl\/?page_id=2502"},"modified":"2022-08-09T13:09:53","modified_gmt":"2022-08-09T11:09:53","slug":"inquiry","status":"publish","type":"page","link":"https:\/\/staltechnika.pl\/en\/inquiry\/","title":{"rendered":"Inquiry"},"content":{"rendered":"<div role=\"form\" class=\"wpcf7\" id=\"wpcf7-f2549-o1\" lang=\"en-US\" dir=\"ltr\">\n<div class=\"screen-reader-response\"><p role=\"status\" aria-live=\"polite\" aria-atomic=\"true\"><\/p> <ul><\/ul><\/div>\n<form action=\"\/en\/wp-json\/wp\/v2\/pages\/2502#wpcf7-f2549-o1\" method=\"post\" class=\"wpcf7-form init\" novalidate=\"novalidate\" data-status=\"init\">\n<div style=\"display: none;\">\n<input type=\"hidden\" name=\"_wpcf7\" value=\"2549\" \/>\n<input type=\"hidden\" name=\"_wpcf7_version\" value=\"5.6.4\" \/>\n<input type=\"hidden\" name=\"_wpcf7_locale\" value=\"en_US\" \/>\n<input type=\"hidden\" name=\"_wpcf7_unit_tag\" value=\"wpcf7-f2549-o1\" \/>\n<input type=\"hidden\" name=\"_wpcf7_container_post\" value=\"0\" \/>\n<input type=\"hidden\" name=\"_wpcf7_posted_data_hash\" value=\"\" \/>\n<input type=\"hidden\" name=\"_wpcf7_recaptcha_response\" value=\"\" \/>\n<\/div>\n<div class=\"row\">\n<div class=\"col-12 col-md-6\">\n<h2>Zapytanie ofertowe<\/h2>\n<p>    <span><br \/>\n        MASZ PYTANIA?<br \/>\n        Chcesz skorzysta\u0107 z pomocy naszych doradc\u00f3w?<br \/>\n        Potrzebujesz wyceny? Czekamy na wiadomo\u015b\u0107<br \/>\n        od ciebie! Napisz:<br \/>\n    <\/span><\/p>\n<h3 style=\"margin-top: 30px;\">Kontakt bezpo\u015bredni<\/h3>\n<p>    <span><br \/>\n        Telefon kom\u00f3rkowy: 722-352-625<br \/>\n        Telefon kom\u00f3rkowy: 795-518-204<br \/>\n        Telefon stacjonarny: 22 378-14-66<\/p>\n<p>        Email: biuro@staltechnika.pl<br \/>\n    <\/span>\n<\/div>\n<div class=\"col-12 col-md-6\">\n<div class=\"of-form\">\n<div class=\"row\">\n<div class=\"col-12\">\n<h2 style=\"margin-bottom: 20px;\">Wype\u0142nij formularz kontaktowy<\/h2>\n<\/div>\n<div class=\"col-md-6\">\n<div class=\"form-wrap has-error\">\n                <span class=\"wpcf7-form-control-wrap\" data-name=\"first-name\" data-constraints=\"@Required\" data-constraints=\"@Required\"><input type=\"text\" name=\"first-name\" data-constraints=\"@Required\" data-constraints=\"@Required\" value=\"\" size=\"40\" class=\"wpcf7-form-control wpcf7-text wpcf7-validates-as-required form-input form-control-has-validation\" id=\"first-name\" aria-required=\"true\" aria-invalid=\"false\" \/><\/span><br \/>\n                <span class=\"form-validation\"><\/span><br \/>\n                <label class=\"form-label rd-input-label\" for=\"first-name\">Imi\u0119<\/label>\n              <\/div>\n<\/div>\n<div class=\"col-md-6\">\n<div class=\"form-wrap\">\n                <span class=\"wpcf7-form-control-wrap\" data-name=\"company\" data-constraints=\"@Required\" data-constraints=\"@Required\"><input type=\"text\" name=\"company\" data-constraints=\"@Required\" data-constraints=\"@Required\" value=\"\" size=\"40\" class=\"wpcf7-form-control wpcf7-text wpcf7-validates-as-required form-input form-control-has-validation\" id=\"company\" aria-required=\"true\" aria-invalid=\"false\" \/><\/span><br \/>\n                <span class=\"form-validation\"><\/span><br \/>\n                <label class=\"form-label rd-input-label\" for=\"company\">Firma<\/label>\n              <\/div>\n<\/div>\n<div class=\"col-md-6\">\n<div class=\"form-wrap\">\n                <span class=\"wpcf7-form-control-wrap\" data-name=\"mail\" data-constraints=\"@Email @Required\" data-constraints=\"@Email @Required\"><input type=\"email\" name=\"mail\" data-constraints=\"@Email @Required\" data-constraints=\"@Email @Required\" value=\"\" size=\"40\" class=\"wpcf7-form-control wpcf7-text wpcf7-email wpcf7-validates-as-required wpcf7-validates-as-email form-input form-control-has-validation\" id=\"mail\" aria-required=\"true\" aria-invalid=\"false\" \/><\/span><br \/>\n                <span class=\"form-validation\"><\/span><br \/>\n                <label class=\"form-label rd-input-label\" for=\"mail\">Adres email<\/label>\n              <\/div>\n<\/div>\n<div class=\"col-md-6\">\n<div class=\"form-wrap\">\n                <span class=\"wpcf7-form-control-wrap\" data-name=\"phone-number\" data-constraints=\"@Numeric @Required\" data-constraints=\"@Numeric @Required\"><input type=\"tel\" name=\"phone-number\" data-constraints=\"@Numeric @Required\" data-constraints=\"@Numeric @Required\" value=\"\" size=\"40\" class=\"wpcf7-form-control wpcf7-text wpcf7-tel wpcf7-validates-as-required wpcf7-validates-as-tel form-input form-control-has-validation\" id=\"phone-number\" aria-required=\"true\" aria-invalid=\"false\" \/><\/span><br \/>\n                <span class=\"form-validation\"><\/span><br \/>\n                <label class=\"form-label rd-input-label\" for=\"phone-number\">Numer telefonu<\/label>\n              <\/div>\n<\/div>\n<div class=\"col-sm-12\">\n<div class=\"form-wrap\">\n                <span class=\"wpcf7-form-control-wrap\" data-name=\"msg\" data-constraints=\"@Required\" data-constraints=\"@Required\"><textarea name=\"msg\" data-constraints=\"@Required\" data-constraints=\"@Required\" cols=\"40\" rows=\"10\" class=\"wpcf7-form-control wpcf7-textarea wpcf7-validates-as-required form-input form-control-has-validation\" id=\"msg\" aria-required=\"true\" aria-invalid=\"false\"><\/textarea><\/span><br \/>\n                <span class=\"form-validation\"><\/span><br \/>\n                <label class=\"form-label rd-input-label\" for=\"msg\">Wiadomo\u015b\u0107<\/label>\n              <\/div>\n<\/div>\n<div class=\"col-sm-12\" style=\"margin-bottom: 30px;\">\n<div class=\"row\">\n<div class=\"col-md-6\">\n<span class=\"wpcf7-form-control-wrap recaptcha\" data-name=\"recaptcha\"><span data-sitekey=\"6LeQDXMfAAAAAIh09FIEBRLdNt9ZZQ3_mXvwkRqG\" class=\"wpcf7-form-control g-recaptcha wpcf7-recaptcha\"><\/span>\r\n<noscript>\r\n\t<div class=\"grecaptcha-noscript\">\r\n\t\t<iframe loading=\"lazy\" src=\"https:\/\/www.google.com\/recaptcha\/api\/fallback?k=6LeQDXMfAAAAAIh09FIEBRLdNt9ZZQ3_mXvwkRqG\" frameborder=\"0\" scrolling=\"no\" width=\"310\" height=\"430\">\r\n\t\t<\/iframe>\r\n\t\t<textarea name=\"g-recaptcha-response\" rows=\"3\" cols=\"40\" placeholder=\"reCaptcha Response Here\">\r\n\t\t<\/textarea>\r\n\t<\/div>\r\n<\/noscript>\r\n<\/span>\n<\/div>\n<\/div>\n<\/div>\n<div class=\"col-sm-12\">\n<div class=\"row\">\n<div class=\"col-md-6\">\n                  <button type=\"submit\"  class=\"wpcf7-form-control has-spinner wpcf7-submit btn btn-primary btn-block\" \/>Wy\u015blij<\/button>\n                <\/div>\n<\/div>\n<\/div>\n<\/div>\n<\/div>\n<\/div>\n<\/div>\n<div class=\"wpcf7-response-output\" aria-hidden=\"true\"><\/div><\/form><\/div>\n","protected":false},"excerpt":{"rendered":"","protected":false},"author":4,"featured_media":0,"parent":0,"menu_order":0,"comment_status":"closed","ping_status":"closed","template":"","meta":{"footnotes":""},"class_list":["post-2502","page","type-page","status-publish","hentry"],"yoast_head":"<!-- This site is optimized with the Yoast SEO plugin v22.0 - https:\/\/yoast.com\/wordpress\/plugins\/seo\/ -->\n<title>Inquiry<\/title>\n<meta name=\"description\" content=\"Inquiry \u26a1 Wysoka jako\u015b\u0107 \u2705 Polski producent \u2705 Postaw na wydajno\u015b\u0107 i wygod\u0119 \u27a4 Zapraszamy do zapoznania si\u0119 z nasz\u0105 ofert\u0105!\" \/>\n<meta name=\"robots\" content=\"noindex, nofollow\" \/>\n<meta property=\"og:locale\" content=\"en_US\" \/>\n<meta property=\"og:type\" content=\"article\" \/>\n<meta property=\"og:title\" content=\"Inquiry\" \/>\n<meta property=\"og:description\" content=\"Inquiry \u26a1 Wysoka jako\u015b\u0107 \u2705 Polski producent \u2705 Postaw na wydajno\u015b\u0107 i wygod\u0119 \u27a4 Zapraszamy do zapoznania si\u0119 z nasz\u0105 ofert\u0105!\" \/>\n<meta property=\"og:url\" content=\"https:\/\/staltechnika.pl\/en\/inquiry\/\" \/>\n<meta property=\"og:site_name\" content=\"Staltechnika\" \/>\n<meta property=\"article:modified_time\" content=\"2022-08-09T11:09:53+00:00\" \/>\n<meta property=\"og:image\" content=\"https:\/\/staltechnika.pl\/wp-content\/uploads\/2022\/02\/staltechnika-logo.png\" \/>\n\t<meta property=\"og:image:width\" content=\"261\" \/>\n\t<meta property=\"og:image:height\" content=\"75\" \/>\n\t<meta property=\"og:image:type\" content=\"image\/png\" \/>\n<meta name=\"twitter:card\" content=\"summary_large_image\" \/>\n<script type=\"application\/ld+json\" class=\"yoast-schema-graph\">{\"@context\":\"https:\/\/schema.org\",\"@graph\":[{\"@type\":\"WebPage\",\"@id\":\"https:\/\/staltechnika.pl\/en\/inquiry\/\",\"url\":\"https:\/\/staltechnika.pl\/en\/inquiry\/\",\"name\":\"Inquiry\",\"isPartOf\":{\"@id\":\"https:\/\/staltechnika.pl\/en\/#website\"},\"datePublished\":\"2021-10-27T22:16:40+00:00\",\"dateModified\":\"2022-08-09T11:09:53+00:00\",\"description\":\"Inquiry \u26a1 Wysoka jako\u015b\u0107 \u2705 Polski producent \u2705 Postaw na wydajno\u015b\u0107 i wygod\u0119 \u27a4 Zapraszamy do zapoznania si\u0119 z nasz\u0105 ofert\u0105!\",\"breadcrumb\":{\"@id\":\"https:\/\/staltechnika.pl\/en\/inquiry\/#breadcrumb\"},\"inLanguage\":\"en-US\",\"potentialAction\":[{\"@type\":\"ReadAction\",\"target\":[\"https:\/\/staltechnika.pl\/en\/inquiry\/\"]}]},{\"@type\":\"BreadcrumbList\",\"@id\":\"https:\/\/staltechnika.pl\/en\/inquiry\/#breadcrumb\",\"itemListElement\":[{\"@type\":\"ListItem\",\"position\":1,\"name\":\"Staltechnika\",\"item\":\"https:\/\/staltechnika.pl\/en\/\"},{\"@type\":\"ListItem\",\"position\":2,\"name\":\"Inquiry\"}]},{\"@type\":\"WebSite\",\"@id\":\"https:\/\/staltechnika.pl\/en\/#website\",\"url\":\"https:\/\/staltechnika.pl\/en\/\",\"name\":\"Staltechnika\",\"description\":\"Wiertnice \u2013 producent maszyn wiertniczych Staltechnika\",\"publisher\":{\"@id\":\"https:\/\/staltechnika.pl\/en\/#organization\"},\"potentialAction\":[{\"@type\":\"SearchAction\",\"target\":{\"@type\":\"EntryPoint\",\"urlTemplate\":\"https:\/\/staltechnika.pl\/en\/?s={search_term_string}\"},\"query-input\":\"required name=search_term_string\"}],\"inLanguage\":\"en-US\"},{\"@type\":\"Organization\",\"@id\":\"https:\/\/staltechnika.pl\/en\/#organization\",\"name\":\"Staltechnika\",\"url\":\"https:\/\/staltechnika.pl\/en\/\",\"logo\":{\"@type\":\"ImageObject\",\"inLanguage\":\"en-US\",\"@id\":\"https:\/\/staltechnika.pl\/en\/#\/schema\/logo\/image\/\",\"url\":\"https:\/\/staltechnika.pl\/wp-content\/uploads\/2021\/10\/staltechnika-logo.png\",\"contentUrl\":\"https:\/\/staltechnika.pl\/wp-content\/uploads\/2021\/10\/staltechnika-logo.png\",\"width\":261,\"height\":75,\"caption\":\"Staltechnika\"},\"image\":{\"@id\":\"https:\/\/staltechnika.pl\/en\/#\/schema\/logo\/image\/\"}}]}<\/script>\n<!-- \/ Yoast SEO plugin. -->","yoast_head_json":{"title":"Inquiry","description":"Inquiry \u26a1 Wysoka jako\u015b\u0107 \u2705 Polski producent \u2705 Postaw na wydajno\u015b\u0107 i wygod\u0119 \u27a4 Zapraszamy do zapoznania si\u0119 z nasz\u0105 ofert\u0105!","robots":{"index":"noindex","follow":"nofollow"},"og_locale":"en_US","og_type":"article","og_title":"Inquiry","og_description":"Inquiry \u26a1 Wysoka jako\u015b\u0107 \u2705 Polski producent \u2705 Postaw na wydajno\u015b\u0107 i wygod\u0119 \u27a4 Zapraszamy do zapoznania si\u0119 z nasz\u0105 ofert\u0105!","og_url":"https:\/\/staltechnika.pl\/en\/inquiry\/","og_site_name":"Staltechnika","article_modified_time":"2022-08-09T11:09:53+00:00","og_image":[{"width":261,"height":75,"url":"https:\/\/staltechnika.pl\/wp-content\/uploads\/2022\/02\/staltechnika-logo.png","type":"image\/png"}],"twitter_card":"summary_large_image","schema":{"@context":"https:\/\/schema.org","@graph":[{"@type":"WebPage","@id":"https:\/\/staltechnika.pl\/en\/inquiry\/","url":"https:\/\/staltechnika.pl\/en\/inquiry\/","name":"Inquiry","isPartOf":{"@id":"https:\/\/staltechnika.pl\/en\/#website"},"datePublished":"2021-10-27T22:16:40+00:00","dateModified":"2022-08-09T11:09:53+00:00","description":"Inquiry \u26a1 Wysoka jako\u015b\u0107 \u2705 Polski producent \u2705 Postaw na wydajno\u015b\u0107 i wygod\u0119 \u27a4 Zapraszamy do zapoznania si\u0119 z nasz\u0105 ofert\u0105!","breadcrumb":{"@id":"https:\/\/staltechnika.pl\/en\/inquiry\/#breadcrumb"},"inLanguage":"en-US","potentialAction":[{"@type":"ReadAction","target":["https:\/\/staltechnika.pl\/en\/inquiry\/"]}]},{"@type":"BreadcrumbList","@id":"https:\/\/staltechnika.pl\/en\/inquiry\/#breadcrumb","itemListElement":[{"@type":"ListItem","position":1,"name":"Staltechnika","item":"https:\/\/staltechnika.pl\/en\/"},{"@type":"ListItem","position":2,"name":"Inquiry"}]},{"@type":"WebSite","@id":"https:\/\/staltechnika.pl\/en\/#website","url":"https:\/\/staltechnika.pl\/en\/","name":"Staltechnika","description":"Wiertnice \u2013 producent maszyn wiertniczych Staltechnika","publisher":{"@id":"https:\/\/staltechnika.pl\/en\/#organization"},"potentialAction":[{"@type":"SearchAction","target":{"@type":"EntryPoint","urlTemplate":"https:\/\/staltechnika.pl\/en\/?s={search_term_string}"},"query-input":"required name=search_term_string"}],"inLanguage":"en-US"},{"@type":"Organization","@id":"https:\/\/staltechnika.pl\/en\/#organization","name":"Staltechnika","url":"https:\/\/staltechnika.pl\/en\/","logo":{"@type":"ImageObject","inLanguage":"en-US","@id":"https:\/\/staltechnika.pl\/en\/#\/schema\/logo\/image\/","url":"https:\/\/staltechnika.pl\/wp-content\/uploads\/2021\/10\/staltechnika-logo.png","contentUrl":"https:\/\/staltechnika.pl\/wp-content\/uploads\/2021\/10\/staltechnika-logo.png","width":261,"height":75,"caption":"Staltechnika"},"image":{"@id":"https:\/\/staltechnika.pl\/en\/#\/schema\/logo\/image\/"}}]}},"_links":{"self":[{"href":"https:\/\/staltechnika.pl\/en\/wp-json\/wp\/v2\/pages\/2502","targetHints":{"allow":["GET"]}}],"collection":[{"href":"https:\/\/staltechnika.pl\/en\/wp-json\/wp\/v2\/pages"}],"about":[{"href":"https:\/\/staltechnika.pl\/en\/wp-json\/wp\/v2\/types\/page"}],"author":[{"embeddable":true,"href":"https:\/\/staltechnika.pl\/en\/wp-json\/wp\/v2\/users\/4"}],"replies":[{"embeddable":true,"href":"https:\/\/staltechnika.pl\/en\/wp-json\/wp\/v2\/comments?post=2502"}],"version-history":[{"count":2,"href":"https:\/\/staltechnika.pl\/en\/wp-json\/wp\/v2\/pages\/2502\/revisions"}],"predecessor-version":[{"id":2560,"href":"https:\/\/staltechnika.pl\/en\/wp-json\/wp\/v2\/pages\/2502\/revisions\/2560"}],"wp:attachment":[{"href":"https:\/\/staltechnika.pl\/en\/wp-json\/wp\/v2\/media?parent=2502"}],"curies":[{"name":"wp","href":"https:\/\/api.w.org\/{rel}","templated":true}]}}